{"id":1242,"date":"2021-04-01T13:31:57","date_gmt":"2021-04-01T10:31:57","guid":{"rendered":"https:\/\/www.xn--zdemir-vxa.tk\/v2\/?post_type=product&#038;p=1242"},"modified":"2025-11-15T16:29:39","modified_gmt":"2025-11-15T13:29:39","slug":"3050cerceveli","status":"publish","type":"product","link":"https:\/\/www.gumushaneizgaratasi.com\/v3\/urun\/3050cerceveli\/","title":{"rendered":"30X50 \u00c7er\u00e7eveli Mangal Ta\u015f\u0131(kal\u0131n)"},"content":{"rendered":"<div class=\"woocommerce-tabs wc-tabs-wrapper container tabbed-content\">\n<div class=\"tab-panels\">\n<div id=\"tab-description\" class=\"woocommerce-Tabs-panel woocommerce-Tabs-panel--description panel entry-content active\" role=\"tabpanel\" aria-labelledby=\"tab-title-description\">\n<p>\u00dcr\u00fcn\u00fcm\u00fcz tamamen do\u011fal ta\u015ft\u0131r. S\u0131k\u0131\u015ft\u0131rma ve ek yoktur.<\/p>\n<ul>\n<li>-Erken \u0131s\u0131n\u0131r ge\u00e7 so\u011fur,<\/li>\n<li>-2500 c kadar dayan\u0131kl\u0131d\u0131r,<\/li>\n<li>Pi\u015firilen \u00fcr\u00fcn alev ve is duman\u0131ndan etkilenmez,<\/li>\n<li>Antibakteriyeldir,<\/li>\n<li>Odun ate\u015finde ve piknik t\u00fcp\u00fcnde pi\u015firilebilir.<\/li>\n<\/ul>\n<\/div>\n<\/div>\n<\/div>\n","protected":false},"excerpt":{"rendered":"<p>\u00dcr\u00fcn\u00fcm\u00fcz tamamen do\u011fal ta\u015ft\u0131r. S\u0131k\u0131\u015ft\u0131rma ve ek yoktur. -Erken \u0131s\u0131n\u0131r ge\u00e7 so\u011fur, -2500 c kadar dayan\u0131kl\u0131d\u0131r, Pi\u015firilen \u00fcr\u00fcn alev ve is duman\u0131ndan etkilenmez, Antibakteriyeldir, Odun ate\u015finde ve piknik t\u00fcp\u00fcnde pi\u015firilebilir.<\/p>\n","protected":false},"featured_media":1319,"comment_status":"open","ping_status":"closed","template":"","meta":{"_monsterinsights_skip_tracking":false,"_monsterinsights_sitenote_active":false,"_monsterinsights_sitenote_note":"","_monsterinsights_sitenote_category":0},"product_cat":[88],"product_tag":[],"class_list":{"0":"post-1242","1":"product","2":"type-product","3":"status-publish","4":"has-post-thumbnail","6":"product_cat-cerceveli","8":"first","9":"instock","10":"sale","11":"shipping-taxable","12":"purchasable","13":"product-type-simple"},"_links":{"self":[{"href":"https:\/\/www.gumushaneizgaratasi.com\/v3\/wp-json\/wp\/v2\/product\/1242","targetHints":{"allow":["GET"]}}],"collection":[{"href":"https:\/\/www.gumushaneizgaratasi.com\/v3\/wp-json\/wp\/v2\/product"}],"about":[{"href":"https:\/\/www.gumushaneizgaratasi.com\/v3\/wp-json\/wp\/v2\/types\/product"}],"replies":[{"embeddable":true,"href":"https:\/\/www.gumushaneizgaratasi.com\/v3\/wp-json\/wp\/v2\/comments?post=1242"}],"version-history":[{"count":2,"href":"https:\/\/www.gumushaneizgaratasi.com\/v3\/wp-json\/wp\/v2\/product\/1242\/revisions"}],"predecessor-version":[{"id":2698,"href":"https:\/\/www.gumushaneizgaratasi.com\/v3\/wp-json\/wp\/v2\/product\/1242\/revisions\/2698"}],"wp:featuredmedia":[{"embeddable":true,"href":"https:\/\/www.gumushaneizgaratasi.com\/v3\/wp-json\/wp\/v2\/media\/1319"}],"wp:attachment":[{"href":"https:\/\/www.gumushaneizgaratasi.com\/v3\/wp-json\/wp\/v2\/media?parent=1242"}],"wp:term":[{"taxonomy":"product_cat","embeddable":true,"href":"https:\/\/www.gumushaneizgaratasi.com\/v3\/wp-json\/wp\/v2\/product_cat?post=1242"},{"taxonomy":"product_tag","embeddable":true,"href":"https:\/\/www.gumushaneizgaratasi.com\/v3\/wp-json\/wp\/v2\/product_tag?post=1242"}],"curies":[{"name":"wp","href":"https:\/\/api.w.org\/{rel}","templated":true}]}}