{"id":1376,"date":"2021-07-26T22:32:01","date_gmt":"2021-07-26T19:32:01","guid":{"rendered":"https:\/\/www.xn--zdemir-vxa.tk\/izgaratasi\/?post_type=product&#038;p=1376"},"modified":"2025-11-15T16:12:16","modified_gmt":"2025-11-15T13:12:16","slug":"40x50-sade-mangal-tasi","status":"publish","type":"product","link":"https:\/\/www.gumushaneizgaratasi.com\/v3\/urun\/40x50-sade-mangal-tasi\/","title":{"rendered":"40X50 Sade Mangal Ta\u015f\u0131(kal\u0131n)"},"content":{"rendered":"<p>\u00dcr\u00fcn\u00fcm\u00fcz tamamen do\u011fal ta\u015ft\u0131r. S\u0131k\u0131\u015ft\u0131rma ve ek yoktur.<\/p>\n<ul>\n<li>-Erken \u0131s\u0131n\u0131r ge\u00e7 so\u011fur,<\/li>\n<li>-2500 c kadar dayan\u0131kl\u0131d\u0131r,<\/li>\n<li>Pi\u015firilen \u00fcr\u00fcn alev ve is duman\u0131ndan etkilenmez,<\/li>\n<li>Antibakteriyeldir,<\/li>\n<li>Odun ate\u015finde ve piknik t\u00fcp\u00fcnde pi\u015firilebilir.<\/li>\n<\/ul>\n","protected":false},"excerpt":{"rendered":"<p>\u00dcr\u00fcn\u00fcm\u00fcz tamamen do\u011fal ta\u015ft\u0131r. S\u0131k\u0131\u015ft\u0131rma ve ek yoktur. -Erken \u0131s\u0131n\u0131r ge\u00e7 so\u011fur, -2500 c kadar dayan\u0131kl\u0131d\u0131r, Pi\u015firilen \u00fcr\u00fcn alev ve is duman\u0131ndan etkilenmez, Antibakteriyeldir, Odun ate\u015finde ve piknik t\u00fcp\u00fcnde pi\u015firilebilir.<\/p>\n","protected":false},"featured_media":1325,"comment_status":"open","ping_status":"closed","template":"","meta":{"_monsterinsights_skip_tracking":false,"_monsterinsights_sitenote_active":false,"_monsterinsights_sitenote_note":"","_monsterinsights_sitenote_category":0},"product_cat":[15],"product_tag":[],"class_list":{"0":"post-1376","1":"product","2":"type-product","3":"status-publish","4":"has-post-thumbnail","6":"product_cat-sade","8":"first","9":"instock","10":"sale","11":"shipping-taxable","12":"purchasable","13":"product-type-simple"},"_links":{"self":[{"href":"https:\/\/www.gumushaneizgaratasi.com\/v3\/wp-json\/wp\/v2\/product\/1376","targetHints":{"allow":["GET"]}}],"collection":[{"href":"https:\/\/www.gumushaneizgaratasi.com\/v3\/wp-json\/wp\/v2\/product"}],"about":[{"href":"https:\/\/www.gumushaneizgaratasi.com\/v3\/wp-json\/wp\/v2\/types\/product"}],"replies":[{"embeddable":true,"href":"https:\/\/www.gumushaneizgaratasi.com\/v3\/wp-json\/wp\/v2\/comments?post=1376"}],"version-history":[{"count":2,"href":"https:\/\/www.gumushaneizgaratasi.com\/v3\/wp-json\/wp\/v2\/product\/1376\/revisions"}],"predecessor-version":[{"id":2695,"href":"https:\/\/www.gumushaneizgaratasi.com\/v3\/wp-json\/wp\/v2\/product\/1376\/revisions\/2695"}],"wp:featuredmedia":[{"embeddable":true,"href":"https:\/\/www.gumushaneizgaratasi.com\/v3\/wp-json\/wp\/v2\/media\/1325"}],"wp:attachment":[{"href":"https:\/\/www.gumushaneizgaratasi.com\/v3\/wp-json\/wp\/v2\/media?parent=1376"}],"wp:term":[{"taxonomy":"product_cat","embeddable":true,"href":"https:\/\/www.gumushaneizgaratasi.com\/v3\/wp-json\/wp\/v2\/product_cat?post=1376"},{"taxonomy":"product_tag","embeddable":true,"href":"https:\/\/www.gumushaneizgaratasi.com\/v3\/wp-json\/wp\/v2\/product_tag?post=1376"}],"curies":[{"name":"wp","href":"https:\/\/api.w.org\/{rel}","templated":true}]}}