{"id":1738,"date":"2022-03-08T22:58:37","date_gmt":"2022-03-08T19:58:37","guid":{"rendered":"https:\/\/www.gumushaneizgaratasi.com\/v3\/?post_type=product&#038;p=1738"},"modified":"2024-05-06T14:03:09","modified_gmt":"2024-05-06T11:03:09","slug":"balli-pestil","status":"publish","type":"product","link":"https:\/\/www.gumushaneizgaratasi.com\/v3\/urun\/balli-pestil\/","title":{"rendered":"Ball\u0131 Pestil"},"content":{"rendered":"<p>\u0130ncecik serilen pestil \u00fczerine f\u0131nd\u0131k par\u00e7ac\u0131klar\u0131 koyularak rulo haline getirilir. Rulo haline getirilen pestil belirlenen \u00f6l\u00e7\u00fclerde kesilir<\/p>\n<p>500 Gram (yar\u0131m kilo) .1000 Gram (1 kilo) ve 1500 gram (1.5 kilo) olarak sat\u0131\u015fa sunulmaktad\u0131r. \u00dcr\u00fcn\u00fc sepetinize eklemeden \u00f6nce l\u00fctfen\u00a0 YUKARIDAK\u0130 Gramaj Se\u00e7imi b\u00f6l\u00fcm\u00fcnden se\u00e7im yap\u0131n\u0131z. ve Pestil Tatl\u0131s\u0131 olarak son halini al\u0131r.<\/p>\n","protected":false},"excerpt":{"rendered":"<p>\u0130ncecik serilen pestil \u00fczerine f\u0131nd\u0131k par\u00e7ac\u0131klar\u0131 koyularak rulo haline getirilir. Rulo haline getirilen pestil belirlenen \u00f6l\u00e7\u00fclerde kesilir 500 Gram (yar\u0131m kilo) .1000 Gram (1 kilo) ve 1500 gram (1.5 kilo) olarak sat\u0131\u015fa sunulmaktad\u0131r. \u00dcr\u00fcn\u00fc sepetinize eklemeden \u00f6nce l\u00fctfen\u00a0 YUKARIDAK\u0130 Gramaj Se\u00e7imi b\u00f6l\u00fcm\u00fcnden se\u00e7im yap\u0131n\u0131z. ve Pestil Tatl\u0131s\u0131 olarak son halini al\u0131r.<\/p>\n","protected":false},"featured_media":1742,"comment_status":"open","ping_status":"closed","template":"","meta":{"_monsterinsights_skip_tracking":false,"_monsterinsights_sitenote_active":false,"_monsterinsights_sitenote_note":"","_monsterinsights_sitenote_category":0},"product_cat":[97],"product_tag":[],"class_list":{"0":"post-1738","1":"product","2":"type-product","3":"status-publish","4":"has-post-thumbnail","6":"product_cat-pestil-kome","7":"pa_agirlik-1000gr","8":"pa_agirlik-1500gr","9":"pa_agirlik-500gr","11":"first","12":"instock","13":"sale","14":"shipping-taxable","15":"purchasable","16":"product-type-variable"},"_links":{"self":[{"href":"https:\/\/www.gumushaneizgaratasi.com\/v3\/wp-json\/wp\/v2\/product\/1738","targetHints":{"allow":["GET"]}}],"collection":[{"href":"https:\/\/www.gumushaneizgaratasi.com\/v3\/wp-json\/wp\/v2\/product"}],"about":[{"href":"https:\/\/www.gumushaneizgaratasi.com\/v3\/wp-json\/wp\/v2\/types\/product"}],"replies":[{"embeddable":true,"href":"https:\/\/www.gumushaneizgaratasi.com\/v3\/wp-json\/wp\/v2\/comments?post=1738"}],"version-history":[{"count":2,"href":"https:\/\/www.gumushaneizgaratasi.com\/v3\/wp-json\/wp\/v2\/product\/1738\/revisions"}],"predecessor-version":[{"id":1999,"href":"https:\/\/www.gumushaneizgaratasi.com\/v3\/wp-json\/wp\/v2\/product\/1738\/revisions\/1999"}],"wp:featuredmedia":[{"embeddable":true,"href":"https:\/\/www.gumushaneizgaratasi.com\/v3\/wp-json\/wp\/v2\/media\/1742"}],"wp:attachment":[{"href":"https:\/\/www.gumushaneizgaratasi.com\/v3\/wp-json\/wp\/v2\/media?parent=1738"}],"wp:term":[{"taxonomy":"product_cat","embeddable":true,"href":"https:\/\/www.gumushaneizgaratasi.com\/v3\/wp-json\/wp\/v2\/product_cat?post=1738"},{"taxonomy":"product_tag","embeddable":true,"href":"https:\/\/www.gumushaneizgaratasi.com\/v3\/wp-json\/wp\/v2\/product_tag?post=1738"}],"curies":[{"name":"wp","href":"https:\/\/api.w.org\/{rel}","templated":true}]}}