{"id":1780,"date":"2022-03-08T23:11:12","date_gmt":"2022-03-08T20:11:12","guid":{"rendered":"https:\/\/www.gumushaneizgaratasi.com\/v3\/?post_type=product&#038;p=1780"},"modified":"2024-05-06T13:51:14","modified_gmt":"2024-05-06T10:51:14","slug":"muska-tatlisi","status":"publish","type":"product","link":"https:\/\/www.gumushaneizgaratasi.com\/v3\/urun\/muska-tatlisi\/","title":{"rendered":"Muska Tatl\u0131s\u0131"},"content":{"rendered":"<p>\u0130ncecik serilen pestilin \u00f6zenle muska halini alacak \u015fekilde kesilir.\u0130\u00e7erisine el yap\u0131m\u0131 \u00f6zel f\u0131nd\u0131k ezmesi doldurulur ve muska \u015feklinde katlan\u0131r.Muska \u015feklinde iken \u00e7evresi dut&amp;bal kar\u0131\u015f\u0131m\u0131 ile bulan\u0131r ve\u00a0 muska tatl\u0131s\u0131 olarak son halini al\u0131r.<\/p>\n<p>500 Gram (yar\u0131m kilo) .1000 GraM(1 kilo) ve 1500 gram (1.5 kilo) olarak sat\u0131\u015fa sunulmaktad\u0131r. \u00dcr\u00fcn\u00fc sepetinize eklemeden \u00f6nce l\u00fctfen\u00a0 YUKARIDAK\u0130 Gramaj Se\u00e7imi b\u00f6l\u00fcm\u00fcnden se\u00e7im yap\u0131n\u0131z.rak son halini al\u0131r.<\/p>\n","protected":false},"excerpt":{"rendered":"<p>\u0130ncecik serilen pestilin \u00f6zenle muska halini alacak \u015fekilde kesilir.\u0130\u00e7erisine el yap\u0131m\u0131 \u00f6zel f\u0131nd\u0131k ezmesi doldurulur ve muska \u015feklinde katlan\u0131r.Muska \u015feklinde iken \u00e7evresi dut&amp;bal kar\u0131\u015f\u0131m\u0131 ile bulan\u0131r ve\u00a0 muska tatl\u0131s\u0131 olarak son halini al\u0131r. 500 Gram (yar\u0131m kilo) .1000 GraM(1 kilo) ve 1500 gram (1.5 kilo) olarak sat\u0131\u015fa sunulmaktad\u0131r. \u00dcr\u00fcn\u00fc sepetinize eklemeden \u00f6nce l\u00fctfen\u00a0 YUKARIDAK\u0130 Gramaj [&#8230;]\n","protected":false},"featured_media":1784,"comment_status":"open","ping_status":"closed","template":"","meta":{"_monsterinsights_skip_tracking":false,"_monsterinsights_sitenote_active":false,"_monsterinsights_sitenote_note":"","_monsterinsights_sitenote_category":0},"product_cat":[96],"product_tag":[],"class_list":{"0":"post-1780","1":"product","2":"type-product","3":"status-publish","4":"has-post-thumbnail","6":"product_cat-muska-tatlisi","7":"pa_agirlik-1000gr","8":"pa_agirlik-1500gr","9":"pa_agirlik-500gr","11":"first","12":"instock","13":"sale","14":"shipping-taxable","15":"purchasable","16":"product-type-variable"},"_links":{"self":[{"href":"https:\/\/www.gumushaneizgaratasi.com\/v3\/wp-json\/wp\/v2\/product\/1780","targetHints":{"allow":["GET"]}}],"collection":[{"href":"https:\/\/www.gumushaneizgaratasi.com\/v3\/wp-json\/wp\/v2\/product"}],"about":[{"href":"https:\/\/www.gumushaneizgaratasi.com\/v3\/wp-json\/wp\/v2\/types\/product"}],"replies":[{"embeddable":true,"href":"https:\/\/www.gumushaneizgaratasi.com\/v3\/wp-json\/wp\/v2\/comments?post=1780"}],"version-history":[{"count":2,"href":"https:\/\/www.gumushaneizgaratasi.com\/v3\/wp-json\/wp\/v2\/product\/1780\/revisions"}],"predecessor-version":[{"id":1996,"href":"https:\/\/www.gumushaneizgaratasi.com\/v3\/wp-json\/wp\/v2\/product\/1780\/revisions\/1996"}],"wp:featuredmedia":[{"embeddable":true,"href":"https:\/\/www.gumushaneizgaratasi.com\/v3\/wp-json\/wp\/v2\/media\/1784"}],"wp:attachment":[{"href":"https:\/\/www.gumushaneizgaratasi.com\/v3\/wp-json\/wp\/v2\/media?parent=1780"}],"wp:term":[{"taxonomy":"product_cat","embeddable":true,"href":"https:\/\/www.gumushaneizgaratasi.com\/v3\/wp-json\/wp\/v2\/product_cat?post=1780"},{"taxonomy":"product_tag","embeddable":true,"href":"https:\/\/www.gumushaneizgaratasi.com\/v3\/wp-json\/wp\/v2\/product_tag?post=1780"}],"curies":[{"name":"wp","href":"https:\/\/api.w.org\/{rel}","templated":true}]}}